{"id":33484,"date":"2024-10-29T11:14:10","date_gmt":"2024-10-29T10:14:10","guid":{"rendered":"https:\/\/prism-vs.ch\/kommunikations-kit\/"},"modified":"2026-01-19T13:17:09","modified_gmt":"2026-01-19T12:17:09","slug":"kommunikations-kit","status":"publish","type":"page","link":"https:\/\/prism-vs.ch\/de\/kommunikations-kit\/","title":{"rendered":"Kommunikations-Kit"},"content":{"rendered":"\t\t<div data-elementor-type=\"wp-page\" data-elementor-id=\"33484\" class=\"elementor elementor-33484 elementor-33422\" data-elementor-post-type=\"page\">\n\t\t\t\t<div class=\"elementor-element elementor-element-f7852d1 e-flex e-con-boxed e-con e-parent\" data-id=\"f7852d1\" data-element_type=\"container\" data-e-type=\"container\" data-settings=\"{&quot;background_background&quot;:&quot;classic&quot;}\">\n\t\t\t\t\t<div class=\"e-con-inner\">\n\t\t\t\t\t<\/div>\n\t\t\t\t<\/div>\n\t\t<div class=\"elementor-element elementor-element-98b9034 e-flex e-con-boxed e-con e-parent\" data-id=\"98b9034\" data-element_type=\"container\" data-e-type=\"container\">\n\t\t\t\t\t<div class=\"e-con-inner\">\n\t\t<div class=\"elementor-element elementor-element-c8ffb13 e-con-full e-flex e-con e-child\" data-id=\"c8ffb13\" data-element_type=\"container\" data-e-type=\"container\">\n\t\t\t\t<div class=\"elementor-element elementor-element-576ddc0 elementor-widget-tablet__width-initial elementor-widget elementor-widget-heading\" data-id=\"576ddc0\" data-element_type=\"widget\" data-e-type=\"widget\" data-widget_type=\"heading.default\">\n\t\t\t\t<div class=\"elementor-widget-container\">\n\t\t\t\t\t<h2 class=\"elementor-heading-title elementor-size-default\"><span>Kommunikations<\/span>-Kit <\/h2>\t\t\t\t<\/div>\n\t\t\t\t<\/div>\n\t\t\t\t<div class=\"elementor-element elementor-element-a6c5937 elementor-widget__width-initial elementor-widget elementor-widget-text-editor\" data-id=\"a6c5937\" data-element_type=\"widget\" data-e-type=\"widget\" data-widget_type=\"text-editor.default\">\n\t\t\t\t<div class=\"elementor-widget-container\">\n\t\t\t\t\t\t\t\t\t<p>Dieser Bereich stellt alle Ressourcen zur Verf\u00fcgung, die Sie ben\u00f6tigen, um richtig \u00fcber PRISM zu kommunizieren. Hier finden Sie die unverzichtbaren Elemente: Logos, Grafikcharta, Visualisierungen und gebrauchsfertige Texte. Diese Ressourcen sollen Ihnen helfen, das Programm PRISM zu erkl\u00e4ren und unsere Mission, die Kreativwirtschaft im Wallis aufzuwerten, zu unterst\u00fctzen.  <\/p><p>Danke, dass Sie dazu beitragen, unsere Vision zu verbreiten!<\/p>\t\t\t\t\t\t\t\t<\/div>\n\t\t\t\t<\/div>\n\t\t\t\t<\/div>\n\t\t<div class=\"elementor-element elementor-element-0d84de6 e-con-full e-flex e-con e-child\" data-id=\"0d84de6\" data-element_type=\"container\" data-e-type=\"container\">\n\t\t\t\t<div class=\"elementor-element elementor-element-c5dc614 elementor-align-left elementor-widget elementor-widget-button\" data-id=\"c5dc614\" data-element_type=\"widget\" data-e-type=\"widget\" data-widget_type=\"button.default\">\n\t\t\t\t<div class=\"elementor-widget-container\">\n\t\t\t\t\t\t\t\t\t<div class=\"elementor-button-wrapper\">\n\t\t\t\t\t<a class=\"elementor-button elementor-button-link elementor-size-xs\" href=\"https:\/\/prism-vs.ch\/wp-content\/uploads\/2024\/10\/Kit-de-communication.zip\" target=\"_blank\">\n\t\t\t\t\t\t<span class=\"elementor-button-content-wrapper\">\n\t\t\t\t\t\t\t\t\t<span class=\"elementor-button-text\">Unser Logo herunterladen<\/span>\n\t\t\t\t\t<\/span>\n\t\t\t\t\t<\/a>\n\t\t\t\t<\/div>\n\t\t\t\t\t\t\t\t<\/div>\n\t\t\t\t<\/div>\n\t\t\t\t<div class=\"elementor-element elementor-element-8f003d9 elementor-align-left elementor-widget elementor-widget-button\" data-id=\"8f003d9\" data-element_type=\"widget\" data-e-type=\"widget\" data-widget_type=\"button.default\">\n\t\t\t\t<div class=\"elementor-widget-container\">\n\t\t\t\t\t\t\t\t\t<div class=\"elementor-button-wrapper\">\n\t\t\t\t\t<a class=\"elementor-button elementor-button-link elementor-size-xs\" href=\"https:\/\/prism-vs.ch\/wp-content\/uploads\/2024\/10\/Charte-Graphique_PRISM-Ext.pdf\" target=\"_blank\">\n\t\t\t\t\t\t<span class=\"elementor-button-content-wrapper\">\n\t\t\t\t\t\t\t\t\t<span class=\"elementor-button-text\">Sehen Sie sich unsere Grafikcharta an<\/span>\n\t\t\t\t\t<\/span>\n\t\t\t\t\t<\/a>\n\t\t\t\t<\/div>\n\t\t\t\t\t\t\t\t<\/div>\n\t\t\t\t<\/div>\n\t\t\t\t<\/div>\n\t\t\t\t\t<\/div>\n\t\t\t\t<\/div>\n\t\t<div class=\"elementor-element elementor-element-7174d54 e-flex e-con-boxed e-con e-parent\" data-id=\"7174d54\" data-element_type=\"container\" data-e-type=\"container\" data-settings=\"{&quot;background_background&quot;:&quot;classic&quot;,&quot;shape_divider_top&quot;:&quot;tilt&quot;,&quot;shape_divider_bottom&quot;:&quot;tilt&quot;}\">\n\t\t\t\t\t<div class=\"e-con-inner\">\n\t\t\t\t<div class=\"elementor-shape elementor-shape-top\" aria-hidden=\"true\" data-negative=\"false\">\n\t\t\t<svg xmlns=\"http:\/\/www.w3.org\/2000\/svg\" viewBox=\"0 0 1000 100\" preserveAspectRatio=\"none\">\n\t<path class=\"elementor-shape-fill\" d=\"M0,6V0h1000v100L0,6z\"\/>\n<\/svg>\t\t<\/div>\n\t\t\t\t<div class=\"elementor-shape elementor-shape-bottom\" aria-hidden=\"true\" data-negative=\"false\">\n\t\t\t<svg xmlns=\"http:\/\/www.w3.org\/2000\/svg\" viewBox=\"0 0 1000 100\" preserveAspectRatio=\"none\">\n\t<path class=\"elementor-shape-fill\" d=\"M0,6V0h1000v100L0,6z\"\/>\n<\/svg>\t\t<\/div>\n\t\t<div class=\"elementor-element elementor-element-44b3a03 e-con-full e-flex e-con e-child\" data-id=\"44b3a03\" data-element_type=\"container\" data-e-type=\"container\">\n\t\t\t\t<div class=\"elementor-element elementor-element-fc7daf6 elementor-widget-tablet__width-initial elementor-widget elementor-widget-heading\" data-id=\"fc7daf6\" data-element_type=\"widget\" data-e-type=\"widget\" data-widget_type=\"heading.default\">\n\t\t\t\t<div class=\"elementor-widget-container\">\n\t\t\t\t\t<h2 class=\"elementor-heading-title elementor-size-default\">Die <span>Nachrichten<\/span><\/h2>\t\t\t\t<\/div>\n\t\t\t\t<\/div>\n\t\t\t\t<div class=\"elementor-element elementor-element-b7aa098 elementor-widget__width-initial elementor-widget elementor-widget-text-editor\" data-id=\"b7aa098\" data-element_type=\"widget\" data-e-type=\"widget\" data-widget_type=\"text-editor.default\">\n\t\t\t\t<div class=\"elementor-widget-container\">\n\t\t\t\t\t\t\t\t\t<p><span data-contrast=\"auto\">PRISM (Programme de mise en R\u00e9seau, d\u2019Innovation et de Soutien aux M\u00e9tiers cr\u00e9atifs) hat zum Ziel, die Kreativ- und Kulturindustrie im Wallis zu dynamisieren und zu unterst\u00fctzen.<\/span><span data-ccp-props=\"{\"201341983\":0,\"335551550\":6,\"335551620\":6,\"335559739\":120,\"335559740\":240}\"> <\/span><\/p><p><span data-contrast=\"auto\">Seine Aufgabe ist<\/span> <span data-contrast=\"auto\">es,<\/span><span data-contrast=\"auto\">Akteure der Kreativ- und Kulturwirtschaft bei ihrer gesch\u00e4ftlichen und unternehmerischen Entwicklung zu unterst\u00fctzen, indem es personalisierte und ma\u00dfgeschneiderte Unterst\u00fctzung f\u00fcr jedes innovative Kreativ- und Kulturprojekt bietet. Das Programm m\u00f6chte die Kompetenzen von Kreativ- und Kulturunternehmern st\u00e4rken, um ihren langfristigen Erfolg zu f\u00f6rdern. <\/span><span data-ccp-props=\"{\"134233117\":true,\"134233118\":false,\"201341983\":0,\"335551550\":6,\"335551620\":6,\"335559739\":120,\"335559740\":240}\"> <\/span><\/p><p><span data-contrast=\"auto\">Das Programm richtet sich an Akteure der kreativen Kulturwirtschaft. Diese zeichnen sich oft durch einzigartige Gesch\u00e4ftsmodelle aus und umfassen <\/span><span data-contrast=\"none\">eine <\/span><span data-contrast=\"none\">Vielzahl von Bereichen wie Kunst, Design, Mode, Film, Musik, Live-Performances, Verlagswesen, Videospiele und digitale Medien<\/span><span data-contrast=\"none\">.\u202f<\/span><span data-ccp-props=\"{\"134233117\":true,\"134233118\":false,\"201341983\":0,\"335551550\":6,\"335551620\":6,\"335559739\":120,\"335559740\":240}\"> <\/span><\/p><p><span data-contrast=\"auto\">PRISM ist ein Programm, das von CimArk in Zusammenarbeit mit der Association Culture Valais umgesetzt wird. Diese Initiative wird vom Dienst f\u00fcr Wirtschaft, Tourismus und Innovation \u00fcber die Neue Regionalpolitik sowie vom Kulturdienst unterst\u00fctzt. Die Zusammenarbeit dieser zahlreichen Partner im Rahmen des PRISM-Programms zeigt ihr Interesse und ihr Engagement f\u00fcr die Kreativ- und Kulturwirtschaft und das wirtschaftliche Potenzial dieser T\u00e4tigkeitsbereiche.   <\/span><span data-ccp-props=\"{\"201341983\":0,\"335559739\":120,\"335559740\":240}\"> <\/span><\/p>\t\t\t\t\t\t\t\t<\/div>\n\t\t\t\t<\/div>\n\t\t\t\t<div class=\"elementor-element elementor-element-e1aa8f9 elementor-widget elementor-widget-heading\" data-id=\"e1aa8f9\" data-element_type=\"widget\" data-e-type=\"widget\" data-widget_type=\"heading.default\">\n\t\t\t\t<div class=\"elementor-widget-container\">\n\t\t\t\t\t<h3 class=\"elementor-heading-title elementor-size-default\">Einige Bilder...<\/h3>\t\t\t\t<\/div>\n\t\t\t\t<\/div>\n\t\t\t\t<div class=\"elementor-element elementor-element-a445d2d elementor-arrows-position-inside elementor-widget elementor-widget-image-carousel\" data-id=\"a445d2d\" data-element_type=\"widget\" data-e-type=\"widget\" data-settings=\"{&quot;slides_to_show&quot;:&quot;2&quot;,&quot;navigation&quot;:&quot;arrows&quot;,&quot;autoplay&quot;:&quot;yes&quot;,&quot;pause_on_hover&quot;:&quot;yes&quot;,&quot;pause_on_interaction&quot;:&quot;yes&quot;,&quot;autoplay_speed&quot;:5000,&quot;infinite&quot;:&quot;yes&quot;,&quot;speed&quot;:500,&quot;image_spacing_custom&quot;:{&quot;unit&quot;:&quot;px&quot;,&quot;size&quot;:20,&quot;sizes&quot;:[]},&quot;image_spacing_custom_tablet&quot;:{&quot;unit&quot;:&quot;px&quot;,&quot;size&quot;:&quot;&quot;,&quot;sizes&quot;:[]},&quot;image_spacing_custom_mobile&quot;:{&quot;unit&quot;:&quot;px&quot;,&quot;size&quot;:&quot;&quot;,&quot;sizes&quot;:[]}}\" data-widget_type=\"image-carousel.default\">\n\t\t\t\t<div class=\"elementor-widget-container\">\n\t\t\t\t\t\t\t<div class=\"elementor-image-carousel-wrapper swiper\" role=\"region\" aria-roledescription=\"carousel\" aria-label=\"Carrousel d\u2019images\" dir=\"ltr\">\n\t\t\t<div class=\"elementor-image-carousel swiper-wrapper swiper-image-stretch\" aria-live=\"off\">\n\t\t\t\t\t\t\t\t<div class=\"swiper-slide\" role=\"group\" aria-roledescription=\"slide\" aria-label=\"1 von 8\"><figure class=\"swiper-slide-inner\"><img decoding=\"async\" class=\"swiper-slide-image\" src=\"https:\/\/prism-vs.ch\/wp-content\/uploads\/2024\/10\/PRISM-abstract-scaled-e1730196841942.jpeg\" alt=\"Abstract crystal glass background with pink delicate shade. Wide format banner AI\" \/><\/figure><\/div><div class=\"swiper-slide\" role=\"group\" aria-roledescription=\"slide\" aria-label=\"2 von 8\"><figure class=\"swiper-slide-inner\"><img decoding=\"async\" class=\"swiper-slide-image\" src=\"https:\/\/prism-vs.ch\/wp-content\/uploads\/2024\/10\/PRISM-Lancement.png\" alt=\"Programme de soutien aux industries cr\u00e9atives et culturelles\" \/><\/figure><\/div><div class=\"swiper-slide\" role=\"group\" aria-roledescription=\"slide\" aria-label=\"3 von 8\"><figure class=\"swiper-slide-inner\"><img decoding=\"async\" class=\"swiper-slide-image\" src=\"https:\/\/prism-vs.ch\/wp-content\/uploads\/2025\/01\/24-12-18_prism_audiovisuel24_annoncedesfinalistes_54214261131_o-scaled.jpg\" alt=\"24-12-18_prism_audiovisuel24_annoncedesfinalistes_54214261131_o\" \/><\/figure><\/div><div class=\"swiper-slide\" role=\"group\" aria-roledescription=\"slide\" aria-label=\"4 von 8\"><figure class=\"swiper-slide-inner\"><img decoding=\"async\" class=\"swiper-slide-image\" src=\"https:\/\/prism-vs.ch\/wp-content\/uploads\/2025\/01\/24-12-18_prism_audiovisuel24_annoncedesfinalistes_54214278601_o-scaled.jpg\" alt=\"24-12-18_prism_audiovisuel24_annoncedesfinalistes_54214278601_o\" \/><\/figure><\/div><div class=\"swiper-slide\" role=\"group\" aria-roledescription=\"slide\" aria-label=\"5 von 8\"><figure class=\"swiper-slide-inner\"><img decoding=\"async\" class=\"swiper-slide-image\" src=\"https:\/\/prism-vs.ch\/wp-content\/uploads\/2025\/03\/KWCV_Soutien.png\" alt=\"Programme de soutien aux industries cr\u00e9atives et culturelles\" \/><\/figure><\/div><div class=\"swiper-slide\" role=\"group\" aria-roledescription=\"slide\" aria-label=\"6 von 8\"><figure class=\"swiper-slide-inner\"><img decoding=\"async\" class=\"swiper-slide-image\" src=\"https:\/\/prism-vs.ch\/wp-content\/uploads\/2025\/03\/PRISM_A-propos.png\" alt=\"PRISM_A-propos\" \/><\/figure><\/div><div class=\"swiper-slide\" role=\"group\" aria-roledescription=\"slide\" aria-label=\"7 von 8\"><figure class=\"swiper-slide-inner\"><img decoding=\"async\" class=\"swiper-slide-image\" src=\"https:\/\/prism-vs.ch\/wp-content\/uploads\/2025\/03\/PRISM_Collaboration.png\" alt=\"PRISM_Collaboration\" \/><\/figure><\/div><div class=\"swiper-slide\" role=\"group\" aria-roledescription=\"slide\" aria-label=\"8 von 8\"><figure class=\"swiper-slide-inner\"><img decoding=\"async\" class=\"swiper-slide-image\" src=\"https:\/\/prism-vs.ch\/wp-content\/uploads\/2025\/03\/Appel-a-projets-pevs-copie-2.png\" alt=\"Appel-a-projets-pevs copie 2\" \/><\/figure><\/div>\t\t\t<\/div>\n\t\t\t\t\t\t\t\t\t\t\t\t<div class=\"elementor-swiper-button elementor-swiper-button-prev\" role=\"button\" tabindex=\"0\">\n\t\t\t\t\t\t<svg aria-hidden=\"true\" class=\"e-font-icon-svg e-eicon-chevron-left\" viewBox=\"0 0 1000 1000\" xmlns=\"http:\/\/www.w3.org\/2000\/svg\"><path d=\"M646 125C629 125 613 133 604 142L308 442C296 454 292 471 292 487 292 504 296 521 308 533L604 854C617 867 629 875 646 875 663 875 679 871 692 858 704 846 713 829 713 812 713 796 708 779 692 767L438 487 692 225C700 217 708 204 708 187 708 171 704 154 692 142 675 129 663 125 646 125Z\"><\/path><\/svg>\t\t\t\t\t<\/div>\n\t\t\t\t\t<div class=\"elementor-swiper-button elementor-swiper-button-next\" role=\"button\" tabindex=\"0\">\n\t\t\t\t\t\t<svg aria-hidden=\"true\" class=\"e-font-icon-svg e-eicon-chevron-right\" viewBox=\"0 0 1000 1000\" xmlns=\"http:\/\/www.w3.org\/2000\/svg\"><path d=\"M696 533C708 521 713 504 713 487 713 471 708 454 696 446L400 146C388 133 375 125 354 125 338 125 325 129 313 142 300 154 292 171 292 187 292 204 296 221 308 233L563 492 304 771C292 783 288 800 288 817 288 833 296 850 308 863 321 871 338 875 354 875 371 875 388 867 400 854L696 533Z\"><\/path><\/svg>\t\t\t\t\t<\/div>\n\t\t\t\t\n\t\t\t\t\t\t\t\t\t<\/div>\n\t\t\t\t\t\t<\/div>\n\t\t\t\t<\/div>\n\t\t\t\t<div class=\"elementor-element elementor-element-9124599 elementor-align-left elementor-widget elementor-widget-button\" data-id=\"9124599\" data-element_type=\"widget\" data-e-type=\"widget\" data-widget_type=\"button.default\">\n\t\t\t\t<div class=\"elementor-widget-container\">\n\t\t\t\t\t\t\t\t\t<div class=\"elementor-button-wrapper\">\n\t\t\t\t\t<a class=\"elementor-button elementor-button-link elementor-size-xs\" href=\"https:\/\/flic.kr\/ps\/45w1vs\" target=\"_blank\">\n\t\t\t\t\t\t<span class=\"elementor-button-content-wrapper\">\n\t\t\t\t\t\t\t\t\t<span class=\"elementor-button-text\">Weitere Fotos hier<\/span>\n\t\t\t\t\t<\/span>\n\t\t\t\t\t<\/a>\n\t\t\t\t<\/div>\n\t\t\t\t\t\t\t\t<\/div>\n\t\t\t\t<\/div>\n\t\t\t\t<\/div>\n\t\t\t\t\t<\/div>\n\t\t\t\t<\/div>\n\t\t\t\t<\/div>\n\t\t","protected":false},"excerpt":{"rendered":"<p>Kommunikations-Kit Dieser Bereich stellt alle Ressourcen zur Verf\u00fcgung, die Sie ben\u00f6tigen, um richtig \u00fcber PRISM zu kommunizieren. Hier finden Sie die unverzichtbaren Elemente: Logos, Grafikcharta, Visualisierungen und gebrauchsfertige Texte. Diese Ressourcen sollen Ihnen helfen, das Programm PRISM zu erkl\u00e4ren und unsere Mission, die Kreativwirtschaft im Wallis aufzuwerten, zu unterst\u00fctzen. Danke, dass Sie dazu beitragen, unsere [&hellip;]<\/p>\n","protected":false},"author":1,"featured_media":0,"parent":0,"menu_order":0,"comment_status":"closed","ping_status":"closed","template":"","meta":{"_acf_changed":false,"footnotes":""},"class_list":["post-33484","page","type-page","status-publish","hentry"],"acf":[],"yoast_head":"<!-- This site is optimized with the Yoast SEO plugin v27.0 - https:\/\/yoast.com\/product\/yoast-seo-wordpress\/ -->\n<title>Kommunikations-Kit - PRISM<\/title>\n<meta name=\"robots\" content=\"index, follow, max-snippet:-1, max-image-preview:large, max-video-preview:-1\" \/>\n<link rel=\"canonical\" href=\"https:\/\/prism-vs.ch\/de\/kommunikations-kit\/\" \/>\n<meta property=\"og:locale\" content=\"de_DE\" \/>\n<meta property=\"og:type\" content=\"article\" \/>\n<meta property=\"og:title\" content=\"Kommunikations-Kit - PRISM\" \/>\n<meta property=\"og:description\" content=\"Kommunikations-Kit Dieser Bereich stellt alle Ressourcen zur Verf\u00fcgung, die Sie ben\u00f6tigen, um richtig \u00fcber PRISM zu kommunizieren. Hier finden Sie die unverzichtbaren Elemente: Logos, Grafikcharta, Visualisierungen und gebrauchsfertige Texte. Diese Ressourcen sollen Ihnen helfen, das Programm PRISM zu erkl\u00e4ren und unsere Mission, die Kreativwirtschaft im Wallis aufzuwerten, zu unterst\u00fctzen. Danke, dass Sie dazu beitragen, unsere [&hellip;]\" \/>\n<meta property=\"og:url\" content=\"https:\/\/prism-vs.ch\/de\/kommunikations-kit\/\" \/>\n<meta property=\"og:site_name\" content=\"PRISM\" \/>\n<meta property=\"article:modified_time\" content=\"2026-01-19T12:17:09+00:00\" \/>\n<meta property=\"og:image\" content=\"https:\/\/prism-vs.ch\/wp-content\/uploads\/2024\/10\/PRISM-abstract-scaled-e1730196841942.jpeg\" \/>\n<meta name=\"twitter:card\" content=\"summary_large_image\" \/>\n<meta name=\"twitter:label1\" content=\"Gesch\u00e4tzte Lesezeit\" \/>\n\t<meta name=\"twitter:data1\" content=\"1\u00a0Minute\" \/>\n<script type=\"application\/ld+json\" class=\"yoast-schema-graph\">{\"@context\":\"https:\/\/schema.org\",\"@graph\":[{\"@type\":\"WebPage\",\"@id\":\"https:\/\/prism-vs.ch\/de\/kommunikations-kit\/\",\"url\":\"https:\/\/prism-vs.ch\/de\/kommunikations-kit\/\",\"name\":\"Kommunikations-Kit - PRISM\",\"isPartOf\":{\"@id\":\"https:\/\/prism-vs.ch\/de\/#website\"},\"primaryImageOfPage\":{\"@id\":\"https:\/\/prism-vs.ch\/de\/kommunikations-kit\/#primaryimage\"},\"image\":{\"@id\":\"https:\/\/prism-vs.ch\/de\/kommunikations-kit\/#primaryimage\"},\"thumbnailUrl\":\"https:\/\/prism-vs.ch\/wp-content\/uploads\/2024\/10\/PRISM-abstract-scaled-e1730196841942.jpeg\",\"datePublished\":\"2024-10-29T10:14:10+00:00\",\"dateModified\":\"2026-01-19T12:17:09+00:00\",\"breadcrumb\":{\"@id\":\"https:\/\/prism-vs.ch\/de\/kommunikations-kit\/#breadcrumb\"},\"inLanguage\":\"de\",\"potentialAction\":[{\"@type\":\"ReadAction\",\"target\":[\"https:\/\/prism-vs.ch\/de\/kommunikations-kit\/\"]}]},{\"@type\":\"ImageObject\",\"inLanguage\":\"de\",\"@id\":\"https:\/\/prism-vs.ch\/de\/kommunikations-kit\/#primaryimage\",\"url\":\"https:\/\/prism-vs.ch\/wp-content\/uploads\/2024\/10\/PRISM-abstract-scaled-e1730196841942.jpeg\",\"contentUrl\":\"https:\/\/prism-vs.ch\/wp-content\/uploads\/2024\/10\/PRISM-abstract-scaled-e1730196841942.jpeg\"},{\"@type\":\"BreadcrumbList\",\"@id\":\"https:\/\/prism-vs.ch\/de\/kommunikations-kit\/#breadcrumb\",\"itemListElement\":[{\"@type\":\"ListItem\",\"position\":1,\"name\":\"Accueil\",\"item\":\"https:\/\/prism-vs.ch\/de\/\"},{\"@type\":\"ListItem\",\"position\":2,\"name\":\"Kommunikations-Kit\"}]},{\"@type\":\"WebSite\",\"@id\":\"https:\/\/prism-vs.ch\/de\/#website\",\"url\":\"https:\/\/prism-vs.ch\/de\/\",\"name\":\"PRISM\",\"description\":\"Programme de mise en R\u00e9seau, d\u2019Innovation et de Soutien aux M\u00e9tiers cr\u00e9atifs\",\"publisher\":{\"@id\":\"https:\/\/prism-vs.ch\/de\/#organization\"},\"potentialAction\":[{\"@type\":\"SearchAction\",\"target\":{\"@type\":\"EntryPoint\",\"urlTemplate\":\"https:\/\/prism-vs.ch\/de\/?s={search_term_string}\"},\"query-input\":{\"@type\":\"PropertyValueSpecification\",\"valueRequired\":true,\"valueName\":\"search_term_string\"}}],\"inLanguage\":\"de\"},{\"@type\":\"Organization\",\"@id\":\"https:\/\/prism-vs.ch\/de\/#organization\",\"name\":\"PRISM\",\"url\":\"https:\/\/prism-vs.ch\/de\/\",\"logo\":{\"@type\":\"ImageObject\",\"inLanguage\":\"de\",\"@id\":\"https:\/\/prism-vs.ch\/de\/#\/schema\/logo\/image\/\",\"url\":\"https:\/\/prism-vs.ch\/wp-content\/uploads\/2023\/12\/prism-logo.svg\",\"contentUrl\":\"https:\/\/prism-vs.ch\/wp-content\/uploads\/2023\/12\/prism-logo.svg\",\"caption\":\"PRISM\"},\"image\":{\"@id\":\"https:\/\/prism-vs.ch\/de\/#\/schema\/logo\/image\/\"},\"sameAs\":[\"https:\/\/www.instagram.com\/prism_vs\/\",\"https:\/\/www.linkedin.com\/company\/prism-vs\/\",\"http:\/\/www.youtube.com\/@PRISM-vs\"]}]}<\/script>\n<!-- \/ Yoast SEO plugin. -->","yoast_head_json":{"title":"Kommunikations-Kit - PRISM","robots":{"index":"index","follow":"follow","max-snippet":"max-snippet:-1","max-image-preview":"max-image-preview:large","max-video-preview":"max-video-preview:-1"},"canonical":"https:\/\/prism-vs.ch\/de\/kommunikations-kit\/","og_locale":"de_DE","og_type":"article","og_title":"Kommunikations-Kit - PRISM","og_description":"Kommunikations-Kit Dieser Bereich stellt alle Ressourcen zur Verf\u00fcgung, die Sie ben\u00f6tigen, um richtig \u00fcber PRISM zu kommunizieren. Hier finden Sie die unverzichtbaren Elemente: Logos, Grafikcharta, Visualisierungen und gebrauchsfertige Texte. Diese Ressourcen sollen Ihnen helfen, das Programm PRISM zu erkl\u00e4ren und unsere Mission, die Kreativwirtschaft im Wallis aufzuwerten, zu unterst\u00fctzen. Danke, dass Sie dazu beitragen, unsere [&hellip;]","og_url":"https:\/\/prism-vs.ch\/de\/kommunikations-kit\/","og_site_name":"PRISM","article_modified_time":"2026-01-19T12:17:09+00:00","og_image":[{"url":"https:\/\/prism-vs.ch\/wp-content\/uploads\/2024\/10\/PRISM-abstract-scaled-e1730196841942.jpeg","type":"","width":"","height":""}],"twitter_card":"summary_large_image","twitter_misc":{"Gesch\u00e4tzte Lesezeit":"1\u00a0Minute"},"schema":{"@context":"https:\/\/schema.org","@graph":[{"@type":"WebPage","@id":"https:\/\/prism-vs.ch\/de\/kommunikations-kit\/","url":"https:\/\/prism-vs.ch\/de\/kommunikations-kit\/","name":"Kommunikations-Kit - PRISM","isPartOf":{"@id":"https:\/\/prism-vs.ch\/de\/#website"},"primaryImageOfPage":{"@id":"https:\/\/prism-vs.ch\/de\/kommunikations-kit\/#primaryimage"},"image":{"@id":"https:\/\/prism-vs.ch\/de\/kommunikations-kit\/#primaryimage"},"thumbnailUrl":"https:\/\/prism-vs.ch\/wp-content\/uploads\/2024\/10\/PRISM-abstract-scaled-e1730196841942.jpeg","datePublished":"2024-10-29T10:14:10+00:00","dateModified":"2026-01-19T12:17:09+00:00","breadcrumb":{"@id":"https:\/\/prism-vs.ch\/de\/kommunikations-kit\/#breadcrumb"},"inLanguage":"de","potentialAction":[{"@type":"ReadAction","target":["https:\/\/prism-vs.ch\/de\/kommunikations-kit\/"]}]},{"@type":"ImageObject","inLanguage":"de","@id":"https:\/\/prism-vs.ch\/de\/kommunikations-kit\/#primaryimage","url":"https:\/\/prism-vs.ch\/wp-content\/uploads\/2024\/10\/PRISM-abstract-scaled-e1730196841942.jpeg","contentUrl":"https:\/\/prism-vs.ch\/wp-content\/uploads\/2024\/10\/PRISM-abstract-scaled-e1730196841942.jpeg"},{"@type":"BreadcrumbList","@id":"https:\/\/prism-vs.ch\/de\/kommunikations-kit\/#breadcrumb","itemListElement":[{"@type":"ListItem","position":1,"name":"Accueil","item":"https:\/\/prism-vs.ch\/de\/"},{"@type":"ListItem","position":2,"name":"Kommunikations-Kit"}]},{"@type":"WebSite","@id":"https:\/\/prism-vs.ch\/de\/#website","url":"https:\/\/prism-vs.ch\/de\/","name":"PRISM","description":"Programme de mise en R\u00e9seau, d\u2019Innovation et de Soutien aux M\u00e9tiers cr\u00e9atifs","publisher":{"@id":"https:\/\/prism-vs.ch\/de\/#organization"},"potentialAction":[{"@type":"SearchAction","target":{"@type":"EntryPoint","urlTemplate":"https:\/\/prism-vs.ch\/de\/?s={search_term_string}"},"query-input":{"@type":"PropertyValueSpecification","valueRequired":true,"valueName":"search_term_string"}}],"inLanguage":"de"},{"@type":"Organization","@id":"https:\/\/prism-vs.ch\/de\/#organization","name":"PRISM","url":"https:\/\/prism-vs.ch\/de\/","logo":{"@type":"ImageObject","inLanguage":"de","@id":"https:\/\/prism-vs.ch\/de\/#\/schema\/logo\/image\/","url":"https:\/\/prism-vs.ch\/wp-content\/uploads\/2023\/12\/prism-logo.svg","contentUrl":"https:\/\/prism-vs.ch\/wp-content\/uploads\/2023\/12\/prism-logo.svg","caption":"PRISM"},"image":{"@id":"https:\/\/prism-vs.ch\/de\/#\/schema\/logo\/image\/"},"sameAs":["https:\/\/www.instagram.com\/prism_vs\/","https:\/\/www.linkedin.com\/company\/prism-vs\/","http:\/\/www.youtube.com\/@PRISM-vs"]}]}},"_links":{"self":[{"href":"https:\/\/prism-vs.ch\/de\/wp-json\/wp\/v2\/pages\/33484","targetHints":{"allow":["GET"]}}],"collection":[{"href":"https:\/\/prism-vs.ch\/de\/wp-json\/wp\/v2\/pages"}],"about":[{"href":"https:\/\/prism-vs.ch\/de\/wp-json\/wp\/v2\/types\/page"}],"author":[{"embeddable":true,"href":"https:\/\/prism-vs.ch\/de\/wp-json\/wp\/v2\/users\/1"}],"replies":[{"embeddable":true,"href":"https:\/\/prism-vs.ch\/de\/wp-json\/wp\/v2\/comments?post=33484"}],"version-history":[{"count":5,"href":"https:\/\/prism-vs.ch\/de\/wp-json\/wp\/v2\/pages\/33484\/revisions"}],"predecessor-version":[{"id":38513,"href":"https:\/\/prism-vs.ch\/de\/wp-json\/wp\/v2\/pages\/33484\/revisions\/38513"}],"wp:attachment":[{"href":"https:\/\/prism-vs.ch\/de\/wp-json\/wp\/v2\/media?parent=33484"}],"curies":[{"name":"wp","href":"https:\/\/api.w.org\/{rel}","templated":true}]}}